{"id":315,"date":"2018-08-28T23:11:03","date_gmt":"2018-08-28T23:11:03","guid":{"rendered":"https:\/\/rickdemedeiros.wpengine.com\/?page_id=315"},"modified":"2021-02-12T22:44:37","modified_gmt":"2021-02-12T22:44:37","slug":"rick-j-demedeiros-esq","status":"publish","type":"page","link":"https:\/\/gawcomp.com\/es\/rick-j-demedeiros-esq\/","title":{"rendered":"Rick J. DeMedeiros, Abogado."},"content":{"rendered":"<p><img loading=\"lazy\" decoding=\"async\" src=\"https:\/\/rickdemedeiros.wpengine.com\/wp-content\/uploads\/2019\/03\/rick-d-headshot.jpg\" alt=\"Rick J. DeMedeiros, Esq.\" width=\"440\" height=\"569\" class=\"alignright size-full wp-image-383\" title=\"\" srcset=\"https:\/\/gawcomp.com\/wp-content\/uploads\/2019\/03\/rick-d-headshot.jpg 440w, https:\/\/gawcomp.com\/wp-content\/uploads\/2019\/03\/rick-d-headshot-232x300.jpg 232w\" sizes=\"auto, (max-width: 440px) 100vw, 440px\" \/> Nacido en Santurce, Puerto Rico. Rick fue criado en Orlando, Florida y Peachtree City, Georgia. Fue aceptado en el Colegio de Abogados de Georgia en 2004 tras recibir su t\u00edtulo en administraci\u00f3n de negocios, matr\u00edcula de honor y su t\u00edtulo en derecho por la Universidad Estatal de Georgia.<\/p>\n<p>Durante sus estudios de derecho, Rick sirvi\u00f3 como Senador de la Asociaci\u00f3n de Estudiantes Abogados y recibi\u00f3 honores por un buen desempe\u00f1o en su clase de litigio. Durante su tercer a\u00f1o, se certific\u00f3 como mediador y dirigi\u00f3 distintas disputas entre arrendador y arrendatario a trav\u00e9s del programa de mediaci\u00f3n arrendador-arrendatario de la Corte Magistral del condado de Fulton.<\/p>\n<p>Tras graduarse de la escuela de leyes, Rick comenz\u00f3 su carrera legal en una firma de abogados ubicada en Marietta, y posteriormente trabaj\u00f3 para una firma de defensa de aseguradoras en Atlanta. Previo a representar a trabajadores heridos y personas lesionadas en percances automovil\u00edsticos o como resultado de la negligencia de una tercera persona, Rick se enfoc\u00f3 en defender a empleadores y compa\u00f1\u00edas de seguros en asuntos de compensaci\u00f3n al trabajador.<\/p>\n<p>Actualmente, la pr\u00e1ctica de Rick est\u00e1 dedicada a la representaci\u00f3n legal de trabajadores y personas lesionadas como resultado de la negligencia de otros. Rick utiliza su invaluable experiencia adquirida defendiendo aseguradoras para garantizar que sus clientes obtengan todos los beneficios a los que tienen derecho por ley.<\/p>\n<p>En su tiempo libre, Rick disfruta de viajar y pasar tiempo con su familia y amigos. Habla ingl\u00e9s y espa\u00f1ol.<\/p>\n","protected":false},"excerpt":{"rendered":"<p>Nacido en Santurce, Puerto Rico. Rick fue criado en Orlando, Florida y Peachtree City, Georgia. Fue aceptado en el Colegio de Abogados de Georgia en 2004 tras recibir su t\u00edtulo en administraci\u00f3n de negocios, matr\u00edcula de honor y su t\u00edtulo en derecho por la Universidad Estatal de Georgia. Durante sus&hellip;<\/p>\n","protected":false},"author":2,"featured_media":0,"parent":0,"menu_order":0,"comment_status":"closed","ping_status":"closed","template":"","meta":{"_acf_changed":false,"footnotes":""},"class_list":["post-315","page","type-page","status-publish","hentry"],"acf":[],"_links":{"self":[{"href":"https:\/\/gawcomp.com\/es\/wp-json\/wp\/v2\/pages\/315","targetHints":{"allow":["GET"]}}],"collection":[{"href":"https:\/\/gawcomp.com\/es\/wp-json\/wp\/v2\/pages"}],"about":[{"href":"https:\/\/gawcomp.com\/es\/wp-json\/wp\/v2\/types\/page"}],"author":[{"embeddable":true,"href":"https:\/\/gawcomp.com\/es\/wp-json\/wp\/v2\/users\/2"}],"replies":[{"embeddable":true,"href":"https:\/\/gawcomp.com\/es\/wp-json\/wp\/v2\/comments?post=315"}],"version-history":[{"count":0,"href":"https:\/\/gawcomp.com\/es\/wp-json\/wp\/v2\/pages\/315\/revisions"}],"wp:attachment":[{"href":"https:\/\/gawcomp.com\/es\/wp-json\/wp\/v2\/media?parent=315"}],"curies":[{"name":"wp","href":"https:\/\/api.w.org\/{rel}","templated":true}]}}