{"id":311,"date":"2018-08-28T23:10:12","date_gmt":"2018-08-28T23:10:12","guid":{"rendered":"https:\/\/rickdemedeiros.wpengine.com\/?page_id=311"},"modified":"2021-02-12T22:30:58","modified_gmt":"2021-02-12T22:30:58","slug":"accidente-de-motocicleta","status":"publish","type":"page","link":"https:\/\/gawcomp.com\/es\/lesion-personal\/accidente-de-motocicleta\/","title":{"rendered":"Abogado de accidente de motocicleta en Atlanta"},"content":{"rendered":"<p>Los accidentes de motocicleta representan un grupo de reclamos de lesiones personales que a menudo se pasa por alto (y es incomprendido). Muchos automovilistas tradicionales, es decir, conductores de autos y camiones, tienden a ver a los motociclistas como rebeldes irresponsables cuyas acciones ponen en peligro a otros conductores. Pero la realidad es muy diferente: los autos y los camiones son una amenaza mucho mayor para las motocicletas que viceversa.<\/p>\n<p>Recuerde, una persona que maneja un auto est\u00e1 protegida por un caparaz\u00f3n protector de dos toneladas en caso de un choque. El motociclista tiene relativamente poca protecci\u00f3n, incluso si llevan puesto un casco. El resultado es que es mucho m\u00e1s probable que un motociclista sufra lesiones graves que pongan en peligro su vida en una colisi\u00f3n con un auto.<\/p>\n<p>Un abogado de North Georgia especializado en accidentes de motocicleta puede ayudarlo a obtener una indemnizaci\u00f3n de una compa\u00f1\u00eda de seguros o un automovilista. La oficina legal de Rick J. DeMedeiros, P.C., puede ayudarlo a reconstruir su vida despu\u00e9s de un accidente. Lucharemos contra cualquier intento de culparlo injustamente por la negligencia de otra persona.<\/p>\n<h2>\u00bfQu\u00e9 tan graves son los accidentes de motocicleta en Georgia?<\/h2>\n<p>Los n\u00fameros no mienten. Seg\u00fan las estad\u00edsticas oficiales publicadas por la Oficina de Seguridad en las Carreteras del Gobernador de Georgia, los motociclistas representan aproximadamente 1 de cada 10 accidentes mortales de tr\u00e1nsito en el estado. Esto se traduce en 173 muertes confirmadas de motociclistas en 2016, el \u00faltimo a\u00f1o para el que se verificaron datos completos. Y para 2017 y 2018, los datos preliminares sugieren que las muertes de motociclistas han aumentado a m\u00e1s de 200 por a\u00f1o.<\/p>\n<p>Contrariamente a la creencia popular, la mayor\u00eda de los motociclistas no sufren lesiones ni mueren debido a que no usar un casco. La Oficina de Estad\u00edsticas de Carreteras observ\u00f3 que el porcentaje de motociclistas que usan un casco \u00abha aumentado constantemente\u00bb desde 2013, y en 2016 solo el 6 por ciento de los motociclistas que murieron en un choque no usaban casco.<\/p>\n<p>Incluso cuando el uso del casco no es un problema, los conductores negligentes y sus compa\u00f1\u00edas de seguros har\u00e1n todo lo posible para echar la culpa de un accidente al motociclista. Es por eso que nunca debe dar ning\u00fan tipo de declaraci\u00f3n escrita u oficial con respecto a las circunstancias de su accidente sin hablar primero con un abogado de accidentes de motocicleta en Atlanta. Por supuesto, debe notificar a su propia compa\u00f1\u00eda de seguros despu\u00e9s de un accidente. Pero no tiene que admitir responsabilidad ni dar ninguna declaraci\u00f3n m\u00e1s espec\u00edfica sobre las posibles causas del accidente a ninguna persona sin antes contratar a un abogado.<\/p>\n<p>En la oficina legal de Rick J. DeMedeiros, P.C., nuestro \u00fanico objetivo es proteger sus intereses. Llevaremos a cabo una investigaci\u00f3n completa de su accidente de motocicleta y le asesoraremos sobre los pasos legales apropiados a tomar, lo que puede incluir un litigio. Si finalizamos la presentaci\u00f3n de una demanda en su nombre, le proporcionaremos una representaci\u00f3n agresiva y lucharemos para garantizar que reciba una compensaci\u00f3n por todos sus da\u00f1os, incluidos los gastos m\u00e9dicos, la p\u00e9rdida de ingresos, la reparaci\u00f3n o el reemplazo de su motocicleta y su propio dolor. y sufrimiento<\/p>\n<p>Entonces, si ha resultado gravemente herido en un accidente de motocicleta en el \u00e1rea de Atlanta, ll\u00e1menos hoy o cont\u00e1ctenos en l\u00ednea para programar una consulta gratuita y sin compromiso.<\/p>\n","protected":false},"excerpt":{"rendered":"<p>Los accidentes de motocicleta representan un grupo de reclamos de lesiones personales que a menudo se pasa por alto (y es incomprendido). Muchos automovilistas tradicionales, es decir, conductores de autos y camiones, tienden a ver a los motociclistas como rebeldes irresponsables cuyas acciones ponen en peligro a otros conductores. Pero&hellip;<\/p>\n","protected":false},"author":2,"featured_media":0,"parent":308,"menu_order":0,"comment_status":"closed","ping_status":"closed","template":"page-practicearea.php","meta":{"_acf_changed":false,"footnotes":""},"class_list":["post-311","page","type-page","status-publish","hentry"],"acf":[],"_links":{"self":[{"href":"https:\/\/gawcomp.com\/es\/wp-json\/wp\/v2\/pages\/311","targetHints":{"allow":["GET"]}}],"collection":[{"href":"https:\/\/gawcomp.com\/es\/wp-json\/wp\/v2\/pages"}],"about":[{"href":"https:\/\/gawcomp.com\/es\/wp-json\/wp\/v2\/types\/page"}],"author":[{"embeddable":true,"href":"https:\/\/gawcomp.com\/es\/wp-json\/wp\/v2\/users\/2"}],"replies":[{"embeddable":true,"href":"https:\/\/gawcomp.com\/es\/wp-json\/wp\/v2\/comments?post=311"}],"version-history":[{"count":0,"href":"https:\/\/gawcomp.com\/es\/wp-json\/wp\/v2\/pages\/311\/revisions"}],"up":[{"embeddable":true,"href":"https:\/\/gawcomp.com\/es\/wp-json\/wp\/v2\/pages\/308"}],"wp:attachment":[{"href":"https:\/\/gawcomp.com\/es\/wp-json\/wp\/v2\/media?parent=311"}],"curies":[{"name":"wp","href":"https:\/\/api.w.org\/{rel}","templated":true}]}}