{"id":310,"date":"2018-08-28T23:10:01","date_gmt":"2018-08-28T23:10:01","guid":{"rendered":"https:\/\/rickdemedeiros.wpengine.com\/?page_id=310"},"modified":"2021-02-12T22:37:45","modified_gmt":"2021-02-12T22:37:45","slug":"accidentes-de-manejar-ebrio","status":"publish","type":"page","link":"https:\/\/gawcomp.com\/es\/lesion-personal\/accidentes-de-manejar-ebrio\/","title":{"rendered":"Abogado de Accidentes de Manejar ebrio"},"content":{"rendered":"<p>La mayor\u00eda de los conductores hacen lo que pueden para operar sus veh\u00edculos de manera responsable y evitar causar un accidente. Y a menudo cuando ocurre un accidente, es el resultado de una distracci\u00f3n o un error menor, no como resultado de la intenci\u00f3n o la malicia.<\/p>\n<p>Sin embargo, no es as\u00ed cuando un conductor maneja en estado de ebriedad; cuando una persona decide operar su veh\u00edculo mientras est\u00e1 ebria, toma una decisi\u00f3n consciente que pone en peligro su vida y la vida de los dem\u00e1s.<\/p>\n<p>Si ha sido chocado por un conductor en estado de ebriedad en North Georgia y ha sufrido lesiones, nuestros abogados con experiencia en accidentes por conducir en estado de ebriedad pueden ayudarlo a recuperar una compensaci\u00f3n por su da\u00f1o. No dude en llamarnos si se ha lesionado.<\/p>\n<h2>Conducir en estado de ebriedad tiene sanciones penales y civiles<\/h2>\n<p>Cuando una persona causa un accidente por conducir en estado de ebriedad, es probable que se enfrente a cargos criminales por esa elecci\u00f3n. Adem\u00e1s de las acusaciones penales, que no ofrecen a las v\u00edctimas de un conductor en estado de ebriedad una indemnizaci\u00f3n, tambi\u00e9n se pueden presentar cargos civiles.<\/p>\n<p>Los cargos civiles no tendr\u00e1n sanciones penales, pero pueden ayudar a recuperar la compensaci\u00f3n para las v\u00edctimas que han sufrido grandes p\u00e9rdidas como resultado de las acciones de un conductor en estado de ebriedad. Sin duda, un reclamo civil puede generar una compensaci\u00f3n por gastos m\u00e9dicos, salarios perdidos, costos de rehabilitaci\u00f3n, da\u00f1os a la propiedad e incluso p\u00e9rdidas no econ\u00f3micas como dolor y sufrimiento.<\/p>\n<h3>Lo que debe demostrar para recuperar la compensaci\u00f3n despu\u00e9s de un accidente por manejar en estado de ebriedad<\/h3>\n<p>Con el fin de recuperar la indemnizaci\u00f3n despu\u00e9s de ser golpeado por un conductor en estado de ebriedad, tendr\u00e1 que demostrar que el conductor le debe un cuidado (impl\u00edcito), y que el conductor incumpli\u00f3 este deber de cuidado como resultado de operar su veh\u00edculo mientras est\u00e1 incapacitado.<\/p>\n<p>No necesita probar que el conductor ten\u00eda un BAC de .08 por ciento o m\u00e1s; solo debe mostrar que el conductor estaba incapacitado y, por lo tanto, estaba operando su veh\u00edculo de manera negligente. Tambi\u00e9n debe probar que esta negligencia fue la causa directa de su accidente y que usted sufri\u00f3 da\u00f1os como resultado directo.<\/p>\n<h3>C\u00f3mo pueden ayudar nuestros abogados<\/h3>\n<p>Nuestro bufete de abogados del \u00e1rea metropolitana de Atlanta es experto en ayudar a las v\u00edctimas de lesiones y puede ayudarlo a:<\/p>\n<ul>\n<li>Recopilar pruebas contra el otro conductor para comprobar el deterioro;<\/li>\n<li>Hablar con testigos, recopilando informes policiales y contratando expertos en reconstrucci\u00f3n de accidentes;<\/li>\n<li>Valuar sus da\u00f1os para determinar cu\u00e1nto vale su reclamo;<\/li>\n<li>Presentar su reclamo, representarlo en el trato con el ajustador de seguros y presentar una demanda si es necesario;<\/li>\n<li>Ser representado en todas las negociaciones; y<\/li>\n<li>Responder cualquier pregunta que tengas.<\/li>\n<\/ul>\n<p>Nuestro equipo est\u00e1 experimentado y es apasionado, y antes de que seamos abogados, somos humanos con la capacidad de empatizar y simpatizar con lo que est\u00e1 pasando. Creemos firmemente que los conductores ebrios que causan da\u00f1os graves o la muerte a otros deben ser considerados responsables de sus acciones atroces.<\/p>\n<p>Para programar una consulta gratuita con nuestras oficinas de abogados para obtener m\u00e1s informaci\u00f3n sobre c\u00f3mo presentar su reclamo y recuperar la compensaci\u00f3n a la que tiene derecho, llame a la oficina de Abogados de Rick J. DeMedeiros, P.C. hoy, o env\u00edenos un mensaje para solicitar una cita. Estamos aqu\u00ed para servirle.<\/p>\n","protected":false},"excerpt":{"rendered":"<p>La mayor\u00eda de los conductores hacen lo que pueden para operar sus veh\u00edculos de manera responsable y evitar causar un accidente. Y a menudo cuando ocurre un accidente, es el resultado de una distracci\u00f3n o un error menor, no como resultado de la intenci\u00f3n o la malicia. Sin embargo, no&hellip;<\/p>\n","protected":false},"author":2,"featured_media":0,"parent":308,"menu_order":0,"comment_status":"closed","ping_status":"closed","template":"page-practicearea.php","meta":{"_acf_changed":false,"footnotes":""},"class_list":["post-310","page","type-page","status-publish","hentry"],"acf":[],"_links":{"self":[{"href":"https:\/\/gawcomp.com\/es\/wp-json\/wp\/v2\/pages\/310","targetHints":{"allow":["GET"]}}],"collection":[{"href":"https:\/\/gawcomp.com\/es\/wp-json\/wp\/v2\/pages"}],"about":[{"href":"https:\/\/gawcomp.com\/es\/wp-json\/wp\/v2\/types\/page"}],"author":[{"embeddable":true,"href":"https:\/\/gawcomp.com\/es\/wp-json\/wp\/v2\/users\/2"}],"replies":[{"embeddable":true,"href":"https:\/\/gawcomp.com\/es\/wp-json\/wp\/v2\/comments?post=310"}],"version-history":[{"count":0,"href":"https:\/\/gawcomp.com\/es\/wp-json\/wp\/v2\/pages\/310\/revisions"}],"up":[{"embeddable":true,"href":"https:\/\/gawcomp.com\/es\/wp-json\/wp\/v2\/pages\/308"}],"wp:attachment":[{"href":"https:\/\/gawcomp.com\/es\/wp-json\/wp\/v2\/media?parent=310"}],"curies":[{"name":"wp","href":"https:\/\/api.w.org\/{rel}","templated":true}]}}